{"id":3,"date":"2021-11-09T19:22:01","date_gmt":"2021-11-09T18:22:01","guid":{"rendered":"http:\/\/animemory.fr\/?page_id=3"},"modified":"2024-11-26T11:27:57","modified_gmt":"2024-11-26T10:27:57","slug":"mentions-legales","status":"publish","type":"page","link":"https:\/\/animemory.fr\/index.php\/mentions-legales\/","title":{"rendered":"Mentions L\u00e9gales"},"content":{"rendered":"<div data-colibri-id=\"3-c1\" class=\"style-640 style-local-3-c1 position-relative\">\r\n  <!---->\r\n  <div data-colibri-component=\"section\" data-colibri-id=\"3-c2\" id=\"initial-content\" class=\"h-section h-section-global-spacing d-flex align-items-lg-center align-items-md-center align-items-center style-641 style-local-3-c2 position-relative\">\r\n    <!---->\r\n    <!---->\r\n    <div class=\"h-section-grid-container h-section-boxed-container\">\r\n      <!---->\r\n      <div data-colibri-id=\"3-c11\" class=\"h-row-container gutters-row-lg-2 gutters-row-md-2 gutters-row-0 gutters-row-v-lg-2 gutters-row-v-md-2 gutters-row-v-2 style-650 style-local-3-c11 position-relative\">\r\n        <!---->\r\n        <div class=\"h-row justify-content-lg-center justify-content-md-center justify-content-center align-items-lg-stretch align-items-md-stretch align-items-stretch gutters-col-lg-2 gutters-col-md-2 gutters-col-0 gutters-col-v-lg-2 gutters-col-v-md-2 gutters-col-v-2\">\r\n          <!---->\r\n          <div class=\"h-column h-column-container d-flex h-col-lg-auto h-col-md-auto h-col-auto style-651-outer style-local-3-c12-outer\">\r\n            <div data-colibri-id=\"3-c12\" class=\"d-flex h-flex-basis h-column__inner h-px-lg-2 h-px-md-2 h-px-2 v-inner-lg-2 v-inner-md-2 v-inner-2 style-651 style-local-3-c12 position-relative\">\r\n              <!---->\r\n              <!---->\r\n              <div class=\"w-100 h-y-container h-column__content h-column__v-align flex-basis-100 align-self-lg-start align-self-md-start align-self-start\">\r\n                <!---->\r\n                <div data-colibri-id=\"3-c13\" class=\"h-text h-text-component style-649 style-local-3-c13 position-relative h-element\">\r\n                  <!---->\r\n                  <!---->\r\n                  <div class=\"\">\r\n                    <p>La soci\u00e9t\u00e9&nbsp;<strong style=\"font-weight: 700;\">ANIMEMORY<\/strong>&nbsp;n\u2019enregistre pas d\u2019informations personnelles permettant l\u2019identification, \u00e0 l\u2019exception des formulaires que l\u2019utilisateur est libre de remplir. Ces informations\r\n                      ne seront pas utilis\u00e9es sans votre accord, nous les utiliserons seulement pour vous adresser des courriers, des brochures, des devis ou vous contacter. Les informations recueillies sur les sites b\u00e9n\u00e9ficient de la protection de la\r\n                      loi \u00ab Informatique et Libert\u00e9s \u00bb n\u00b0 78-17 du 06 janvier 1978. Elles b\u00e9n\u00e9ficient d\u2019un droit d\u2019acc\u00e8s, de rectification, d\u2019opposition \u00e0 communication et de suppression sur simple demande \u00e0 La soci\u00e9t\u00e9 <strong>ANIMEMORY 17 rue des Orm\u00e9es 10800 Rouilly St Loup.&nbsp;<\/strong>La\r\n                      soci\u00e9t\u00e9&nbsp;<strong style=\"font-weight: 700;\">ANIMEMORY&nbsp;<\/strong>pourra proc\u00e9der \u00e0 des analyses statistiques sans que celles-ci soient nominatives et pourra en informer des tiers (organismes d\u2019\u00e9valuation de fr\u00e9quentation) sous\r\n                      une forme r\u00e9sum\u00e9e et non nominative.<\/p>\r\n                    <p>Ce site est la propri\u00e9t\u00e9 de la soci\u00e9t\u00e9 ANIMEMORY, num\u00e9ro SIRET 49518583700020, dont le si\u00e8ge social est situ\u00e9 <strong style=\"color: rgb(102, 102, 102); font-family: &quot;Open Sans&quot;; font-size: 16px;\">17 rue des Orm\u00e9es 10800 Rouilly St Loup<\/strong>.\r\n                      La cr\u00e9ation graphique du site a \u00e9t\u00e9 r\u00e9alis\u00e9e par la soci\u00e9t\u00e9 L&amp;E Communication<\/p>\r\n                    <h5><strong>DONN\u00c9ES PERSONNELLES DE L\u2019UTILISATEUR<\/strong><\/h5>\r\n                    <p>L\u2019acc\u00e8s \u00e0 certains contenus du site&nbsp;\r\n                      <a href=\"http:\/\/www.a-rhum.fr\" style=\"color: rgb(34, 34, 34);\" class=\"customize-unpreviewable\">http:\/\/<\/a>www.animemory.fr suppose que l\u2019utilisateur nous transmette des donn\u00e9es personnelles le concernant. Ces informations et leur nature sont indiqu\u00e9es sur la page du site qui comporte ces demandes d\u2019information. L\u2019utilisateur\r\n                      est inform\u00e9 que lors de ses visites sur le site&nbsp;\r\n                      <a href=\"http:\/\/www.a-rhum.fr\" style=\"color: rgb(34, 34, 34);\" class=\"customize-unpreviewable\">http:\/\/www.animemory.fr&nbsp;<\/a>un cookie peut \u00eatre implant\u00e9 dans son ordinateur. Un cookie ne permet pas d\u2019identifier l\u2019utilisateur. De mani\u00e8re g\u00e9n\u00e9rale, il enregistre des informations relatives \u00e0 la navigation de son ordinateur\r\n                      sur le site (les pages consult\u00e9es, la date et l\u2019heure de la consultation) qui pourront \u00eatre lues lors de ses visites ult\u00e9rieures. L\u2019utilisateur peut s\u2019opposer \u00e0 l\u2019enregistrement de cookies, ou \u00eatre pr\u00e9venu avant d\u2019accepter les cookies,\r\n                      en configurant son ordinateur de la mani\u00e8re suivante :<\/p>\r\n                    <p><strong style=\"font-weight: 700;\">Pour Microsoft Internet Explorer 6 et au-del\u00e0 :<\/strong>&nbsp;Choisissez le menu \u00bb Outils \u00bb (ou \u00bb Tools \u00ab ), puis \u00bb Options Internet \u00bb (ou \u00bb Internet Options \u00ab ) Cliquez sur l\u2019onglet \u00bb Confidentialit\u00e9\r\n                      \u00bb (ou \u00bb Confidentiality \u00ab ) S\u00e9lectionnez le niveau souhait\u00e9 \u00e0 l\u2019aide du curseur ou cliquez sur le bouton \u00bb avanc\u00e9 \u00bb pour personnaliser votre gestion des cookies<\/p>\r\n                    <p><strong style=\"font-weight: 700;\">Pour Microsoft Internet Explorer 5 :<\/strong>&nbsp;Choisissez le menu \u00bb Outils \u00bb (ou \u00bb Tools \u00ab ), puis \u00bb Option Internet \u00bb (ou \u00bb Internet Options \u00ab ) Cliquez sur l\u2019onglet \u00bb S\u00e9curit\u00e9 \u00bb (ou \u00bb Security\r\n                      \u00ab ) S\u00e9lectionnez \u00bb Internet \u00bb puis \u00bb Personnaliser le niveau \u00bb (ou \u00bb Custom Level \u00ab ) Rep\u00e9rez la rubrique \u00bb cookies \u00bb et choisissez l\u2019option qui vous convient<\/p>\r\n                    <p><strong style=\"font-weight: 700;\">Pour Firefox :<\/strong>&nbsp;Choisissez le menu \u00bb Outils \u00ab &gt; \u00bb Options \u00ab Cliquez sur l\u2019option \u00bb Vie priv\u00e9e \u00ab Rubrique \u00bb Cookies \u00ab Pour Op\u00e9ra : Choisissez le menu \u00bb Fichier \u00ab &gt; \u00bb Pr\u00e9f\u00e9rences \u00ab\r\n                      Vie priv\u00e9e<\/p>\r\n                    <p><strong style=\"font-weight: 700;\">Pour Google Chrome :<\/strong>&nbsp;Cliquez sur l\u2019ic\u00f4ne repr\u00e9sentant une cl\u00e9 \u00e0 molette qui est situ\u00e9e dans la barre d\u2019outils du navigateur. S\u00e9lectionnez Options (Pr\u00e9f\u00e9rences sous Mac et Linux, Param\u00e8tres\r\n                      sur un Chromebook). Choisissez l\u2019onglet Options avanc\u00e9es. Cliquez sur l\u2019option Param\u00e8tres de contenu de la section \u00ab Confidentialit\u00e9 \u00bb. Dans la bo\u00eete de dialogue Param\u00e8tres de contenu qui s\u2019affiche, cliquez sur l\u2019onglet Cookies.<\/p>\r\n                    <p>Les donn\u00e9es personnelles concernant l\u2019utilisateur sont destin\u00e9es \u00e0 Animemory. L\u2019utilisateur dispose d\u2019un droit d\u2019acc\u00e8s et de rectification des donn\u00e9es personnelles communiqu\u00e9es par le biais de ce m\u00e9canisme de suivi de navigation dans\r\n                      les conditions indiqu\u00e9es ci-dessus. Par ailleurs, les utilisateurs sont inform\u00e9s que les donn\u00e9es les concernant font l\u2019objet d\u2019un traitement et qu\u2019ils b\u00e9n\u00e9ficient d\u2019un droit d\u2019acc\u00e8s et de rectification relativement aux donn\u00e9es qui\r\n                      les concernent ainsi que d\u2019un droit d\u2019information compl\u00e9mentaire. Ils peuvent exercer ces droits et obtenir communication des donn\u00e9es les concernant aupr\u00e8s de Animemory 17 rue des Orm\u00e9es 10800 Rouilly St Loup. En conformit\u00e9 avec\r\n                      les dispositions de la loi n\u00b078-17 du 6 janvier 1978 relative \u00e0 l\u2019informatique, aux fichiers et aux libert\u00e9s, les traitements de donn\u00e9es r\u00e9alis\u00e9s \u00e0 partir du site&nbsp;\r\n                      <a href=\"http:\/\/www.a-rhum.fr\" style=\"color: rgb(34, 34, 34);\"\r\n                        class=\"customize-unpreviewable\">http:\/\/www.animemory.fr<\/a>&nbsp;ont fait l\u2019objet d\u2019une d\u00e9claration aupr\u00e8s de la Commission Nationale de l\u2019Informatique et des Libert\u00e9s (CNIL).<\/p>\r\n                    <h5><strong>LIENS HYPERTEXTES<\/strong><\/h5>\r\n                    <p>La soci\u00e9t\u00e9 Animemory ne contr\u00f4le pas les sites en connexion avec le sien, et ne saurait donc \u00eatre responsable de leur contenu. Les risques li\u00e9s \u00e0 l\u2019utilisation de ces sites incombent pleinement \u00e0 l\u2019utilisateur. Il se conformera \u00e0 leurs\r\n                      conditions d\u2019utilisation.<\/p>\r\n                    <h5><strong>EDITEUR<\/strong><\/h5>\r\n                    <p>La soci\u00e9t\u00e9 Animemory Si\u00e8ge social : <span style=\"font-weight: 400; font-size: 16px; font-family: &quot;Open Sans&quot;; color: rgb(102, 102, 102);\">17 rue des Orm\u00e9es 10800 Rouilly St Loup&nbsp;<\/span>N\u00b0 de t\u00e9l\u00e9phone : 0627395814 Directeur\r\n                      de la publication : La soci\u00e9t\u00e9 Animemory<\/p>\r\n                    <h5><strong>H\u00c9BERGEMENT<\/strong><\/h5>\r\n                    <p>HOSTINGER&nbsp;\r\n                      <a href=\"https:\/\/www.hostinger.fr\" class=\"customize-unpreviewable\" style=\"color: rgb(34, 34, 34);\">www.hostinger.fr&nbsp;<\/a>\r\n                    <\/p>\r\n                    <p>\r\n                      <br>\r\n                    <\/p>\r\n                  <\/div>\r\n                <\/div>\r\n              <\/div>\r\n            <\/div>\r\n          <\/div>\r\n        <\/div>\r\n      <\/div>\r\n    <\/div>\r\n  <\/div>\r\n<\/div>","protected":false},"excerpt":{"rendered":"<p>La soci\u00e9t\u00e9&nbsp;ANIMEMORY&nbsp;n\u2019enregistre pas d\u2019informations personnelles permettant l\u2019identification, \u00e0 l\u2019exception des formulaires que l\u2019utilisateur est libre de remplir. Ces informations ne seront pas utilis\u00e9es sans votre accord, nous les utiliserons seulement pour vous adresser des courriers, des brochures, des devis ou vous contacter. Les informations recueillies sur les sites b\u00e9n\u00e9ficient de la protection de la loi [&hellip;]<\/p>\n","protected":false},"author":1,"featured_media":0,"parent":0,"menu_order":0,"comment_status":"closed","ping_status":"closed","template":"page-templates\/full-width-page.php","meta":{"om_disable_all_campaigns":false,"_monsterinsights_skip_tracking":false,"_monsterinsights_sitenote_active":false,"_monsterinsights_sitenote_note":"","_monsterinsights_sitenote_category":0},"_links":{"self":[{"href":"https:\/\/animemory.fr\/index.php\/wp-json\/wp\/v2\/pages\/3"}],"collection":[{"href":"https:\/\/animemory.fr\/index.php\/wp-json\/wp\/v2\/pages"}],"about":[{"href":"https:\/\/animemory.fr\/index.php\/wp-json\/wp\/v2\/types\/page"}],"author":[{"embeddable":true,"href":"https:\/\/animemory.fr\/index.php\/wp-json\/wp\/v2\/users\/1"}],"replies":[{"embeddable":true,"href":"https:\/\/animemory.fr\/index.php\/wp-json\/wp\/v2\/comments?post=3"}],"version-history":[{"count":2,"href":"https:\/\/animemory.fr\/index.php\/wp-json\/wp\/v2\/pages\/3\/revisions"}],"predecessor-version":[{"id":553,"href":"https:\/\/animemory.fr\/index.php\/wp-json\/wp\/v2\/pages\/3\/revisions\/553"}],"wp:attachment":[{"href":"https:\/\/animemory.fr\/index.php\/wp-json\/wp\/v2\/media?parent=3"}],"curies":[{"name":"wp","href":"https:\/\/api.w.org\/{rel}","templated":true}]}}