{"id":2,"date":"2021-11-09T19:22:01","date_gmt":"2021-11-09T18:22:01","guid":{"rendered":"http:\/\/animemory.fr\/?page_id=2"},"modified":"2023-11-07T15:15:10","modified_gmt":"2023-11-07T14:15:10","slug":"nos-services-animemory","status":"publish","type":"page","link":"https:\/\/animemory.fr\/index.php\/nos-services-animemory\/","title":{"rendered":"Nos services"},"content":{"rendered":"<div data-colibri-id=\"2-c1\" class=\"style-575 style-local-2-c1 position-relative\">\n  <!---->\n  <div data-colibri-component=\"section\" data-colibri-id=\"2-c2\" id=\"custom\" class=\"h-section h-section-global-spacing d-flex align-items-lg-center align-items-md-center align-items-center style-598 style-local-2-c2 position-relative\">\n    <!---->\n    <!---->\n    <div class=\"h-section-grid-container h-section-boxed-container\">\n      <!---->\n      <div data-colibri-id=\"2-c3\" class=\"h-row-container gutters-row-lg-2 gutters-row-md-2 gutters-row-0 gutters-row-v-lg-2 gutters-row-v-md-2 gutters-row-v-2 style-599 style-local-2-c3 position-relative\">\n        <!---->\n        <div class=\"h-row justify-content-lg-center justify-content-md-center justify-content-center align-items-lg-stretch align-items-md-stretch align-items-stretch gutters-col-lg-2 gutters-col-md-2 gutters-col-0 gutters-col-v-lg-2 gutters-col-v-md-2 gutters-col-v-2\">\n          <!---->\n          <div class=\"h-column h-column-container d-flex h-col-lg-auto h-col-md-auto h-col-auto style-600-outer style-local-2-c4-outer\">\n            <div data-colibri-id=\"2-c4\" class=\"d-flex h-flex-basis h-column__inner h-px-lg-2 h-px-md-2 h-px-2 v-inner-lg-2 v-inner-md-2 v-inner-2 style-600 style-local-2-c4 position-relative\">\n              <!---->\n              <!---->\n              <div class=\"w-100 h-y-container h-column__content h-column__v-align flex-basis-100 align-self-lg-start align-self-md-start align-self-start\">\n                <!---->\n                <div data-colibri-id=\"2-c5\" class=\"h-lead h-text h-text-component style-601 style-local-2-c5 position-relative h-element\">\n                  <!---->\n                  <!---->\n                  <div class=\"\">\n                    <p>Vous cherchez le meilleur service fun\u00e9raire pour accompagner votre animal ? D\u00e9couvrez nos diff\u00e9rents services de cr\u00e9mation et d&#8217;inhumation. Nous avons conscience que chaque animal est unique, c&#8217;est pourquoi nous nous adapterons \u00e0 chaque\n                      demande de mani\u00e8re personnalis\u00e9e.<\/p>\n                  <\/div>\n                <\/div>\n              <\/div>\n            <\/div>\n          <\/div>\n        <\/div>\n      <\/div>\n    <\/div>\n  <\/div>\n  <div data-colibri-component=\"section\" data-colibri-id=\"2-c6\" id=\"about\" class=\"h-section h-section-global-spacing d-flex align-items-lg-center align-items-md-center align-items-center style-602 style-local-2-c6 position-relative\">\n    <!---->\n    <!---->\n    <div class=\"h-section-grid-container h-section-boxed-container\">\n      <!---->\n      <div data-colibri-id=\"2-c7\" class=\"h-row-container gutters-row-lg-0 gutters-row-md-0 gutters-row-0 gutters-row-v-lg-0 gutters-row-v-md-0 gutters-row-v-0 style-603 style-local-2-c7 position-relative\">\n        <!---->\n        <div class=\"h-row justify-content-lg-center justify-content-md-center justify-content-center align-items-lg-stretch align-items-md-stretch align-items-stretch gutters-col-lg-0 gutters-col-md-0 gutters-col-0 gutters-col-v-lg-0 gutters-col-v-md-0 gutters-col-v-0\">\n          <!---->\n          <div class=\"h-column h-column-container d-flex h-col-lg-auto h-col-md-auto h-col-auto style-604-outer style-local-2-c8-outer\">\n            <div data-colibri-id=\"2-c8\" class=\"d-flex h-flex-basis h-column__inner h-ui-empty-state-container h-px-lg-0 h-px-md-0 h-px-0 v-inner-lg-0 v-inner-md-0 v-inner-0 style-604 style-local-2-c8 position-relative\">\n              <!---->\n              <!---->\n              <div class=\"w-100 h-y-container h-column__content h-column__v-align flex-basis-100\">\n                <!---->\n              <\/div>\n            <\/div>\n          <\/div>\n          <div class=\"h-column h-column-container d-flex h-col-lg-auto h-col-md-auto h-col-auto style-605-outer style-local-2-c9-outer\">\n            <div data-colibri-id=\"2-c9\" class=\"d-flex h-flex-basis h-column__inner h-px-lg-2 h-px-md-2 h-px-2 v-inner-lg-2 v-inner-md-2 v-inner-2 style-605 style-local-2-c9 position-relative\">\n              <!---->\n              <!---->\n              <div class=\"w-100 h-y-container h-column__content h-column__v-align flex-basis-100 align-self-lg-start align-self-md-start align-self-start\">\n                <!---->\n                <div data-colibri-id=\"2-c10\" class=\"h-global-transition-all h-heading style-607 style-local-2-c10 position-relative h-element\">\n                  <!---->\n                  <div class=\"h-heading__outer style-607 style-local-2-c10\">\n                    <!---->\n                    <!---->\n                    <h2 class=\"\">L&#8217;incin\u00e9ration de votre animal<\/h2>\n                  <\/div>\n                <\/div>\n                <div data-colibri-id=\"2-c11\" class=\"h-text h-text-component style-608 style-local-2-c11 position-relative h-element\">\n                  <!---->\n                  <!---->\n                  <div class=\"\">\n                    <p>Animemory prend en charge votre compagnon chez vous, \u00e0 la clinique ou encore chez le v\u00e9t\u00e9rinaire.<\/p>\n                    <p>Laureen vous accompagne tout au long du processus dans une salle propice au recueillement<\/p>\n                    <p>Votre animal sera pr\u00e9par\u00e9, chouchout\u00e9 une derni\u00e8re fois (toilette fun\u00e9raire) pour sa pr\u00e9sentation dans la salle de recueillement o\u00f9 vous aurez tout le temps n\u00e9cessaire pour dire adieu \u00e0 votre animal, vous recueillir aupr\u00e8s de lui.<\/p>\n                    <p>L\u2019incin\u00e9ration se fait en douceur, en votre pr\u00e9sence ou non, selon vos d\u00e9sirs, dans le respect de votre peine.<\/p>\n                    <p>Les cendres vous sont restitu\u00e9es en fin de cr\u00e9mation, dans une urne standard ou dans celle que vous aurez choisie dans notre boutique.<\/p>\n                    <p>&nbsp;<\/p>\n                    <p>\n                      <br>\n                    <\/p>\n                  <\/div>\n                <\/div>\n                <div data-colibri-id=\"2-c12\" class=\"h-x-container style-616 style-local-2-c12 position-relative h-element\">\n                  <!---->\n                  <div class=\"h-x-container-inner style-dynamic-2-c12-group style-616-spacing style-local-2-c12-spacing\"><span class=\"h-button__outer style-617-outer style-local-2-c13-outer d-inline-flex h-element\"><a h-use-smooth-scroll=\"true\" href=\"http:\/\/animemory.fr\/index.php\/contact\/\"  data-colibri-id=\"2-c13\" class=\"d-flex w-100 align-items-center h-button justify-content-lg-center justify-content-md-center justify-content-center style-617 style-local-2-c13 position-relative\"><!----><!----> <span>Obtenir un devis<\/span><\/a>\n                    <\/span>\n                  <\/div>\n                <\/div>\n              <\/div>\n            <\/div>\n          <\/div>\n        <\/div>\n      <\/div>\n    <\/div>\n  <\/div>\n  <div data-colibri-component=\"section\" data-colibri-id=\"2-c14\" id=\"about-2\" class=\"h-section h-section-global-spacing d-flex align-items-lg-center align-items-md-center align-items-center style-619 style-local-2-c14 position-relative\">\n    <!---->\n    <!---->\n    <div class=\"h-section-grid-container h-section-boxed-container\">\n      <!---->\n      <div data-colibri-id=\"2-c15\" class=\"h-row-container gutters-row-lg-0 gutters-row-md-0 gutters-row-0 gutters-row-v-lg-0 gutters-row-v-md-0 gutters-row-v-0 style-620 style-local-2-c15 position-relative\">\n        <!---->\n        <div class=\"h-row justify-content-lg-center justify-content-md-center justify-content-center align-items-lg-stretch align-items-md-stretch align-items-stretch gutters-col-lg-0 gutters-col-md-0 gutters-col-0 gutters-col-v-lg-0 gutters-col-v-md-0 gutters-col-v-0\">\n          <!---->\n          <div class=\"h-column h-column-container d-flex h-col-lg-auto h-col-md-auto h-col-auto style-621-outer style-local-2-c16-outer\">\n            <div data-colibri-id=\"2-c16\" class=\"d-flex h-flex-basis h-column__inner h-px-lg-0 h-px-md-0 h-px-0 v-inner-lg-0 v-inner-md-0 v-inner-0 style-621 style-local-2-c16 position-relative\">\n              <!---->\n              <!---->\n              <div class=\"w-100 h-y-container h-column__content h-column__v-align flex-basis-100 align-self-lg-start align-self-md-start align-self-start\">\n                <!---->\n                <div data-colibri-id=\"2-c17\" class=\"h-global-transition-all h-heading style-623 style-local-2-c17 position-relative h-element\">\n                  <!---->\n                  <div class=\"h-heading__outer style-623 style-local-2-c17\">\n                    <!---->\n                    <!---->\n                    <h2 class=\"\">Notre service d&#8217;inhumation<\/h2>\n                  <\/div>\n                <\/div>\n                <div data-colibri-id=\"2-c18\" class=\"h-text h-text-component style-624 style-local-2-c18 position-relative h-element\">\n                  <!---->\n                  <!---->\n                  <div class=\"\">\n                    <p>Animemory prend en charge votre compagnon de vie depuis votre domicile ou chez votre v\u00e9t\u00e9rinaire. En total respect avec votre peine en ce moment difficile, nous nous occupons de la prise en charge de votre animal jusqu&#8217;\u00e0 son inhumation,\n                      qui aura lieu l\u00e0 o\u00f9 vous le souhaitez en respect avec la r\u00e9glementation actuelle. Une c\u00e9r\u00e9monie peut \u00eatre organis\u00e9e en amont selon vos besoins et vos envies, en toute intimit\u00e9.&nbsp;<\/p>\n                  <\/div>\n                <\/div>\n                <div data-colibri-id=\"2-c19\" class=\"h-x-container style-626 style-local-2-c19 position-relative h-element\">\n                  <!---->\n                  <div class=\"h-x-container-inner style-dynamic-2-c19-group style-626-spacing style-local-2-c19-spacing\"><span class=\"h-button__outer style-627-outer style-local-2-c20-outer d-inline-flex h-element\"><a h-use-smooth-scroll=\"true\" href=\"http:\/\/animemory.fr\/index.php\/contact\/\"  data-colibri-id=\"2-c20\" class=\"d-flex w-100 align-items-center h-button justify-content-lg-center justify-content-md-center justify-content-center style-627 style-local-2-c20 position-relative\"><!----><!----> <span>Nous contacter <\/span><\/a>\n                    <\/span>\n                  <\/div>\n                <\/div>\n              <\/div>\n            <\/div>\n          <\/div>\n          <div class=\"h-column h-column-container d-flex h-col-lg-auto h-col-md-auto h-col-auto style-625-outer style-local-2-c21-outer\">\n            <div data-colibri-id=\"2-c21\" class=\"d-flex h-flex-basis h-column__inner h-ui-empty-state-container h-px-lg-2 h-px-md-2 h-px-2 v-inner-lg-2 v-inner-md-2 v-inner-2 style-625 style-local-2-c21 position-relative\">\n              <!---->\n              <!---->\n              <div class=\"w-100 h-y-container h-column__content h-column__v-align flex-basis-100\">\n                <!---->\n              <\/div>\n            <\/div>\n          <\/div>\n        <\/div>\n      <\/div>\n    <\/div>\n  <\/div>\n  <div data-colibri-component=\"section\" data-colibri-id=\"2-c22\" id=\"content\" class=\"h-section h-section-global-spacing d-flex align-items-lg-center align-items-md-center align-items-center style-632 style-local-2-c22 position-relative\">\n    <!---->\n    <!---->\n    <div class=\"h-section-grid-container h-section-boxed-container\">\n      <div data-colibri-id=\"2-c26\" class=\"h-row-container gutters-row-lg-2 gutters-row-md-2 gutters-row-2 gutters-row-v-lg-2 gutters-row-v-md-2 gutters-row-v-2 style-636 style-local-2-c26 position-relative\">\n        <!---->\n        <div class=\"h-row justify-content-lg-center justify-content-md-center justify-content-center align-items-lg-stretch align-items-md-stretch align-items-stretch gutters-col-lg-2 gutters-col-md-2 gutters-col-2 gutters-col-v-lg-2 gutters-col-v-md-2 gutters-col-v-2\">\n          <!---->\n          <div class=\"h-column h-column-container d-flex h-col-lg-auto h-col-md-auto h-col-auto style-637-outer style-local-2-c27-outer\">\n            <div data-colibri-id=\"2-c27\" class=\"d-flex h-flex-basis h-column__inner h-px-lg-2 h-px-md-2 h-px-0 v-inner-lg-2 v-inner-md-2 v-inner-0 style-637 style-local-2-c27 position-relative\">\n              <!---->\n              <!---->\n              <div class=\"w-100 h-y-container h-column__content h-column__v-align flex-basis-100 align-self-lg-start align-self-md-start align-self-start\">\n                <!---->\n                <div data-colibri-id=\"2-c28\" class=\"h-global-transition-all h-heading style-638 style-local-2-c28 position-relative h-element\">\n                  <!---->\n                  <div class=\"h-heading__outer style-638 style-local-2-c28\">\n                    <!---->\n                    <!---->\n                    <h2 class=\"\">Facilit\u00e9s de paiement<\/h2>\n                  <\/div>\n                <\/div>\n                <div data-colibri-id=\"2-c29\" class=\"h-lead h-text h-text-component style-639 style-local-2-c29 position-relative h-element\">\n                  <!---->\n                  <!---->\n                  <div class=\"\">\n                    <p>Nous pratiquons le paiement via carte bancaire de mani\u00e8re totalement s\u00e9curis\u00e9e. Pour l&#8217;incin\u00e9ration ou l&#8217;inhumation de votre animal, vous pouvez tout \u00e0 fait opter pour un paiement en plusieurs fois. Nous contacter pour plus d&#8217;informations<\/p>\n                  <\/div>\n                <\/div>\n              <\/div>\n            <\/div>\n          <\/div>\n        <\/div>\n      <\/div>\n      <div data-colibri-id=\"2-c23\" class=\"h-row-container gutters-row-lg-2 gutters-row-md-2 gutters-row-2 gutters-row-v-lg-2 gutters-row-v-md-2 gutters-row-v-2 style-633 style-local-2-c23 position-relative\">\n        <!---->\n        <div class=\"h-row justify-content-lg-center justify-content-md-center justify-content-center align-items-lg-stretch align-items-md-stretch align-items-stretch gutters-col-lg-2 gutters-col-md-2 gutters-col-2 gutters-col-v-lg-2 gutters-col-v-md-2 gutters-col-v-2\">\n          <!---->\n          <div class=\"h-column h-column-container d-flex h-col-lg-auto h-col-md-auto h-col-auto style-634-outer style-local-2-c24-outer\">\n            <div data-colibri-id=\"2-c24\" class=\"d-flex h-flex-basis h-column__inner h-ui-empty-state-container h-px-lg-0 h-px-md-0 h-px-0 v-inner-lg-0 v-inner-md-0 v-inner-0 style-634 style-local-2-c24 position-relative\">\n              <!---->\n              <!---->\n              <div class=\"w-100 h-y-container h-column__content h-column__v-align flex-basis-100\">\n                <!---->\n              <\/div>\n            <\/div>\n          <\/div>\n        <\/div>\n      <\/div>\n    <\/div>\n  <\/div>\n<\/div>","protected":false},"excerpt":{"rendered":"<p>Vous cherchez le meilleur service fun\u00e9raire pour accompagner votre animal ? D\u00e9couvrez nos diff\u00e9rents services de cr\u00e9mation et d&#8217;inhumation. Nous avons conscience que chaque animal est unique, c&#8217;est pourquoi nous nous adapterons \u00e0 chaque demande de mani\u00e8re personnalis\u00e9e. L&#8217;incin\u00e9ration de votre animal Animemory prend en charge votre compagnon chez vous, \u00e0 la clinique ou encore [&hellip;]<\/p>\n","protected":false},"author":1,"featured_media":0,"parent":0,"menu_order":0,"comment_status":"closed","ping_status":"closed","template":"page-templates\/full-width-page.php","meta":{"om_disable_all_campaigns":false,"_monsterinsights_skip_tracking":false,"_monsterinsights_sitenote_active":false,"_monsterinsights_sitenote_note":"","_monsterinsights_sitenote_category":0},"_links":{"self":[{"href":"https:\/\/animemory.fr\/index.php\/wp-json\/wp\/v2\/pages\/2"}],"collection":[{"href":"https:\/\/animemory.fr\/index.php\/wp-json\/wp\/v2\/pages"}],"about":[{"href":"https:\/\/animemory.fr\/index.php\/wp-json\/wp\/v2\/types\/page"}],"author":[{"embeddable":true,"href":"https:\/\/animemory.fr\/index.php\/wp-json\/wp\/v2\/users\/1"}],"replies":[{"embeddable":true,"href":"https:\/\/animemory.fr\/index.php\/wp-json\/wp\/v2\/comments?post=2"}],"version-history":[{"count":9,"href":"https:\/\/animemory.fr\/index.php\/wp-json\/wp\/v2\/pages\/2\/revisions"}],"predecessor-version":[{"id":540,"href":"https:\/\/animemory.fr\/index.php\/wp-json\/wp\/v2\/pages\/2\/revisions\/540"}],"wp:attachment":[{"href":"https:\/\/animemory.fr\/index.php\/wp-json\/wp\/v2\/media?parent=2"}],"curies":[{"name":"wp","href":"https:\/\/api.w.org\/{rel}","templated":true}]}}